{"id":1404,"date":"2023-10-02T12:33:12","date_gmt":"2023-10-02T11:33:12","guid":{"rendered":"https:\/\/www.bemediasmart.ie\/?page_id=1404"},"modified":"2023-10-12T12:01:33","modified_gmt":"2023-10-12T11:01:33","slug":"media-archive","status":"publish","type":"page","link":"https:\/\/www.bemediasmart.ie\/ga\/media-archive\/","title":{"rendered":"Media Archive"},"content":{"rendered":"\t\t\r\n<section class=\"section-factcheck-archive bg-color-white mt-0 py-4 py-lg-5\">\r\n\t<div class=\"container\">\r\n\t\t\t<div class=\"row align-items-stretch\">\r\n\t\t\t\t\t\t\t\t\t\t\t<div class=\"col-12 col-lg-4 position-relative mb-4 wow animate__fadeInUp\">\r\n\t\t\t\t\t\t\t<div class=\"featured-content__wrap h-100 d-flex flex-column overflow-hidden\">\r\n\t\t\t\t\t\t\t<div class=\"featured-content__image w-100\" style=\"height:200px; background-image:url('https:\/\/www.bemediasmart.ie\/app\/uploads\/2023\/09\/normalad.jpg'); background-size:cover; background-repeat:no-repeat; background-position:center center; background-color:#DDD;\"><\/div>\r\n\t\t\t\t\t\t\t\t<div class=\"featured-content__content p-4 bg-color-white flex-fill d-flex flex-column align-items-start justify-content-end\">\r\n\t\t\t\t\t\t\t\t\t<h3 class=\"mb-4\">Be media smart campaign 2023<\/h3>\r\n\t\t\t\t\t\t\t\t\t<p class=\"flex-fill\"><\/p>\r\n\t\t\t\t\t\t\t\t\t<a class=\"stretched-link btn rounded btn-medium-purple mt-4\" href=\"https:\/\/www.bemediasmart.ie\/ga\/medias\/be-media-smart-campaign-2023\/\">L\u00e9igh N\u00edos M\u00f3<\/a>\r\n\t\t\t\t\t\t\t\t<\/div>\r\n\t\t\t\t\t\t\t<\/div>\r\n\t\t\t\t\t\t<\/div>\r\n\t\t\t\t\t\t\t\t\r\n\t\t\t\t\t\t\t\t\t\t\t<div class=\"col-12 col-lg-4 position-relative mb-4 wow animate__fadeInUp\">\r\n\t\t\t\t\t\t\t<div class=\"featured-content__wrap h-100 d-flex flex-column overflow-hidden\">\r\n\t\t\t\t\t\t\t<div class=\"featured-content__image w-100\" style=\"height:200px; background-image:url('https:\/\/www.bemediasmart.ie\/app\/uploads\/2023\/10\/irishad.jpg'); background-size:cover; background-repeat:no-repeat; background-position:center center; background-color:#DDD;\"><\/div>\r\n\t\t\t\t\t\t\t\t<div class=\"featured-content__content p-4 bg-color-white flex-fill d-flex flex-column align-items-start justify-content-end\">\r\n\t\t\t\t\t\t\t\t\t<h3 class=\"mb-4\">Irish language version of the ad<\/h3>\r\n\t\t\t\t\t\t\t\t\t<p class=\"flex-fill\"><\/p>\r\n\t\t\t\t\t\t\t\t\t<a class=\"stretched-link btn rounded btn-medium-purple mt-4\" href=\"https:\/\/www.bemediasmart.ie\/ga\/medias\/irish-language-version-of-the-ad\/\">L\u00e9igh N\u00edos M\u00f3<\/a>\r\n\t\t\t\t\t\t\t\t<\/div>\r\n\t\t\t\t\t\t\t<\/div>\r\n\t\t\t\t\t\t<\/div>\r\n\t\t\t\t\t\t\t\t\r\n\t\t\t\t\t\t\t\t\t\t\t<div class=\"col-12 col-lg-4 position-relative mb-4 wow animate__fadeInUp\">\r\n\t\t\t\t\t\t\t<div class=\"featured-content__wrap h-100 d-flex flex-column overflow-hidden\">\r\n\t\t\t\t\t\t\t<div class=\"featured-content__image w-100\" style=\"height:200px; background-image:url('https:\/\/www.bemediasmart.ie\/app\/uploads\/2023\/10\/social-media-ad.jpg'); background-size:cover; background-repeat:no-repeat; background-position:center center; background-color:#DDD;\"><\/div>\r\n\t\t\t\t\t\t\t\t<div class=\"featured-content__content p-4 bg-color-white flex-fill d-flex flex-column align-items-start justify-content-end\">\r\n\t\t\t\t\t\t\t\t\t<h3 class=\"mb-4\">The social media version of the ad<\/h3>\r\n\t\t\t\t\t\t\t\t\t<p class=\"flex-fill\"><\/p>\r\n\t\t\t\t\t\t\t\t\t<a class=\"stretched-link btn rounded btn-medium-purple mt-4\" href=\"https:\/\/www.bemediasmart.ie\/ga\/medias\/the-social-media-version-of-the-ad\/\">L\u00e9igh N\u00edos M\u00f3<\/a>\r\n\t\t\t\t\t\t\t\t<\/div>\r\n\t\t\t\t\t\t\t<\/div>\r\n\t\t\t\t\t\t<\/div>\r\n\t\t\t\t\t\t\t\t\r\n\t\t\t\t\t\t\t\t\t\t\t<div class=\"col-12 col-lg-4 position-relative mb-4 wow animate__fadeInUp\">\r\n\t\t\t\t\t\t\t<div class=\"featured-content__wrap h-100 d-flex flex-column overflow-hidden\">\r\n\t\t\t\t\t\t\t<div class=\"featured-content__image w-100\" style=\"height:200px; background-image:url('..\/app\/themes\/bemediasmart\/resources\/assets\/images\/sound-placeholder-big.jpg'); background-size:cover; background-repeat:no-repeat; background-position:center center; background-color:#DDD;\"><\/div>\r\n\t\t\t\t\t\t\t\t<div class=\"featured-content__content p-4 bg-color-white flex-fill d-flex flex-column align-items-start justify-content-end\">\r\n\t\t\t\t\t\t\t\t\t<h3 class=\"mb-4\">Audio recording of the radio piece<\/h3>\r\n\t\t\t\t\t\t\t\t\t<p class=\"flex-fill\"><\/p>\r\n\t\t\t\t\t\t\t\t\t<a class=\"stretched-link btn rounded btn-medium-purple mt-4\" href=\"https:\/\/www.bemediasmart.ie\/ga\/medias\/audio-recording-of-the-radio-piece\/\">L\u00e9igh N\u00edos M\u00f3<\/a>\r\n\t\t\t\t\t\t\t\t<\/div>\r\n\t\t\t\t\t\t\t<\/div>\r\n\t\t\t\t\t\t<\/div>\r\n\t\t\t\t\t\t\t\t\r\n\t\t\t\t\t\t\r\n\t\t\t\t<\/div>\r\n\t\t<\/div>\r\n\t\t\r\n\t<\/div>\r\n<\/section>","protected":false},"excerpt":{"rendered":"","protected":false},"author":9,"featured_media":0,"parent":0,"menu_order":0,"comment_status":"closed","ping_status":"closed","template":"","meta":{"footnotes":""},"acf":[],"yoast_head":"<!-- This site is optimized with the Yoast SEO plugin v21.4 - https:\/\/yoast.com\/wordpress\/plugins\/seo\/ -->\n<title>Media Archive - Be Media Smart<\/title>\n<meta name=\"robots\" content=\"index, follow, max-snippet:-1, max-image-preview:large, max-video-preview:-1\" \/>\n<link rel=\"canonical\" href=\"https:\/\/www.bemediasmart.ie\/media-archive\/\" \/>\n<meta property=\"og:locale\" content=\"ga_IE\" \/>\n<meta property=\"og:type\" content=\"article\" \/>\n<meta property=\"og:title\" content=\"Media Archive - Be Media Smart\" \/>\n<meta property=\"og:url\" content=\"https:\/\/www.bemediasmart.ie\/media-archive\/\" \/>\n<meta property=\"og:site_name\" content=\"Be Media Smart\" \/>\n<meta property=\"article:publisher\" content=\"https:\/\/www.facebook.com\/BeMediaSmart\/\" \/>\n<meta property=\"article:modified_time\" content=\"2023-10-12T11:01:33+00:00\" \/>\n<meta name=\"twitter:card\" content=\"summary_large_image\" \/>\n<meta name=\"twitter:site\" content=\"@MedialitIreland\" \/>\n<script type=\"application\/ld+json\" class=\"yoast-schema-graph\">{\"@context\":\"https:\/\/schema.org\",\"@graph\":[{\"@type\":\"WebPage\",\"@id\":\"https:\/\/www.bemediasmart.ie\/media-archive\/\",\"url\":\"https:\/\/www.bemediasmart.ie\/media-archive\/\",\"name\":\"Media Archive - Be Media Smart\",\"isPartOf\":{\"@id\":\"https:\/\/www.bemediasmart.ie\/#website\"},\"datePublished\":\"2023-10-02T11:33:12+00:00\",\"dateModified\":\"2023-10-12T11:01:33+00:00\",\"breadcrumb\":{\"@id\":\"https:\/\/www.bemediasmart.ie\/media-archive\/#breadcrumb\"},\"inLanguage\":\"ga-IE\",\"potentialAction\":[{\"@type\":\"ReadAction\",\"target\":[\"https:\/\/www.bemediasmart.ie\/media-archive\/\"]}]},{\"@type\":\"BreadcrumbList\",\"@id\":\"https:\/\/www.bemediasmart.ie\/media-archive\/#breadcrumb\",\"itemListElement\":[{\"@type\":\"ListItem\",\"position\":1,\"name\":\"Home\",\"item\":\"https:\/\/www.bemediasmart.ie\/ga\/\"},{\"@type\":\"ListItem\",\"position\":2,\"name\":\"Media Archive\"}]},{\"@type\":\"WebSite\",\"@id\":\"https:\/\/www.bemediasmart.ie\/#website\",\"url\":\"https:\/\/www.bemediasmart.ie\/\",\"name\":\"Be Media Smart\",\"description\":\"\",\"publisher\":{\"@id\":\"https:\/\/www.bemediasmart.ie\/#organization\"},\"potentialAction\":[{\"@type\":\"SearchAction\",\"target\":{\"@type\":\"EntryPoint\",\"urlTemplate\":\"https:\/\/www.bemediasmart.ie\/?s={search_term_string}\"},\"query-input\":\"required name=search_term_string\"}],\"inLanguage\":\"ga-IE\"},{\"@type\":\"Organization\",\"@id\":\"https:\/\/www.bemediasmart.ie\/#organization\",\"name\":\"Be Media Smart\",\"url\":\"https:\/\/www.bemediasmart.ie\/\",\"logo\":{\"@type\":\"ImageObject\",\"inLanguage\":\"ga-IE\",\"@id\":\"https:\/\/www.bemediasmart.ie\/#\/schema\/logo\/image\/\",\"url\":\"https:\/\/www.bemediasmart.ie\/app\/uploads\/2023\/09\/normalad.jpg\",\"contentUrl\":\"https:\/\/www.bemediasmart.ie\/app\/uploads\/2023\/09\/normalad.jpg\",\"width\":500,\"height\":300,\"caption\":\"Be Media Smart\"},\"image\":{\"@id\":\"https:\/\/www.bemediasmart.ie\/#\/schema\/logo\/image\/\"},\"sameAs\":[\"https:\/\/www.facebook.com\/BeMediaSmart\/\",\"https:\/\/twitter.com\/MedialitIreland\",\"https:\/\/www.instagram.com\/bemediasmart_\/\",\"http:\/\/www.linkedin.com\/company\/media-literacy-ireland\/\"]}]}<\/script>\n<!-- \/ Yoast SEO plugin. -->","yoast_head_json":{"title":"Media Archive - Be Media Smart","robots":{"index":"index","follow":"follow","max-snippet":"max-snippet:-1","max-image-preview":"max-image-preview:large","max-video-preview":"max-video-preview:-1"},"canonical":"https:\/\/www.bemediasmart.ie\/media-archive\/","og_locale":"ga_IE","og_type":"article","og_title":"Media Archive - Be Media Smart","og_url":"https:\/\/www.bemediasmart.ie\/media-archive\/","og_site_name":"Be Media Smart","article_publisher":"https:\/\/www.facebook.com\/BeMediaSmart\/","article_modified_time":"2023-10-12T11:01:33+00:00","twitter_card":"summary_large_image","twitter_site":"@MedialitIreland","schema":{"@context":"https:\/\/schema.org","@graph":[{"@type":"WebPage","@id":"https:\/\/www.bemediasmart.ie\/media-archive\/","url":"https:\/\/www.bemediasmart.ie\/media-archive\/","name":"Media Archive - Be Media Smart","isPartOf":{"@id":"https:\/\/www.bemediasmart.ie\/#website"},"datePublished":"2023-10-02T11:33:12+00:00","dateModified":"2023-10-12T11:01:33+00:00","breadcrumb":{"@id":"https:\/\/www.bemediasmart.ie\/media-archive\/#breadcrumb"},"inLanguage":"ga-IE","potentialAction":[{"@type":"ReadAction","target":["https:\/\/www.bemediasmart.ie\/media-archive\/"]}]},{"@type":"BreadcrumbList","@id":"https:\/\/www.bemediasmart.ie\/media-archive\/#breadcrumb","itemListElement":[{"@type":"ListItem","position":1,"name":"Home","item":"https:\/\/www.bemediasmart.ie\/ga\/"},{"@type":"ListItem","position":2,"name":"Media Archive"}]},{"@type":"WebSite","@id":"https:\/\/www.bemediasmart.ie\/#website","url":"https:\/\/www.bemediasmart.ie\/","name":"Be Media Smart","description":"","publisher":{"@id":"https:\/\/www.bemediasmart.ie\/#organization"},"potentialAction":[{"@type":"SearchAction","target":{"@type":"EntryPoint","urlTemplate":"https:\/\/www.bemediasmart.ie\/?s={search_term_string}"},"query-input":"required name=search_term_string"}],"inLanguage":"ga-IE"},{"@type":"Organization","@id":"https:\/\/www.bemediasmart.ie\/#organization","name":"Be Media Smart","url":"https:\/\/www.bemediasmart.ie\/","logo":{"@type":"ImageObject","inLanguage":"ga-IE","@id":"https:\/\/www.bemediasmart.ie\/#\/schema\/logo\/image\/","url":"https:\/\/www.bemediasmart.ie\/app\/uploads\/2023\/09\/normalad.jpg","contentUrl":"https:\/\/www.bemediasmart.ie\/app\/uploads\/2023\/09\/normalad.jpg","width":500,"height":300,"caption":"Be Media Smart"},"image":{"@id":"https:\/\/www.bemediasmart.ie\/#\/schema\/logo\/image\/"},"sameAs":["https:\/\/www.facebook.com\/BeMediaSmart\/","https:\/\/twitter.com\/MedialitIreland","https:\/\/www.instagram.com\/bemediasmart_\/","http:\/\/www.linkedin.com\/company\/media-literacy-ireland\/"]}]}},"_links":{"self":[{"href":"https:\/\/www.bemediasmart.ie\/ga\/wp-json\/wp\/v2\/pages\/1404"}],"collection":[{"href":"https:\/\/www.bemediasmart.ie\/ga\/wp-json\/wp\/v2\/pages"}],"about":[{"href":"https:\/\/www.bemediasmart.ie\/ga\/wp-json\/wp\/v2\/types\/page"}],"author":[{"embeddable":true,"href":"https:\/\/www.bemediasmart.ie\/ga\/wp-json\/wp\/v2\/users\/9"}],"replies":[{"embeddable":true,"href":"https:\/\/www.bemediasmart.ie\/ga\/wp-json\/wp\/v2\/comments?post=1404"}],"version-history":[{"count":5,"href":"https:\/\/www.bemediasmart.ie\/ga\/wp-json\/wp\/v2\/pages\/1404\/revisions"}],"predecessor-version":[{"id":1909,"href":"https:\/\/www.bemediasmart.ie\/ga\/wp-json\/wp\/v2\/pages\/1404\/revisions\/1909"}],"wp:attachment":[{"href":"https:\/\/www.bemediasmart.ie\/ga\/wp-json\/wp\/v2\/media?parent=1404"}],"curies":[{"name":"wp","href":"https:\/\/api.w.org\/{rel}","templated":true}]}}