{"id":1173,"date":"2022-08-10T02:43:45","date_gmt":"2022-08-10T01:43:45","guid":{"rendered":"https:\/\/www.bemediasmart.ie\/terms\/"},"modified":"2023-10-17T10:52:43","modified_gmt":"2023-10-17T09:52:43","slug":"terms","status":"publish","type":"page","link":"https:\/\/www.bemediasmart.ie\/ga\/terms\/","title":{"rendered":"T\u00e9arma\u00ed agus Coinn\u00edollacha"},"content":{"rendered":"<section class=\"floating-content  content text-content py-4 py-lg-5 my-4 bg-color-white\">\r\n\t<div class=\"container\">\r\n\t\t<div class=\"row align-items-stretch mb-0\">\r\n\t\t\t\t\t\t<div class=\"col-lg-10 pe-3 pe-lg-5 mb-0 order-1 order-lg-1 wow animate__fadeInLeft\">\r\n\t\t\t\t<p>T\u00e1 Litearthacht sna Me\u00e1in, \u00c9ire \u00e9ascaithe ag Coimisi\u00fan na Me\u00e1n agus t\u00e1 faoi l\u00e1thair faoi r\u00e9ir <a href=\"https:\/\/www.bai.ie\/ga\/maidir-linne\/tearmai-coinniollacha\/\">Bheartas Pr\u00edobh\u00e1ideachais agus T\u00e9arma\u00ed agus Coinn\u00edollacha Coimisi\u00fan na Me\u00e1n<\/a><\/p>\n\t\t\t<\/div>\r\n\t\t\t\t\t\t\t\t<\/div>\r\n\t<\/div>\r\n<\/section>","protected":false},"excerpt":{"rendered":"","protected":false},"author":2,"featured_media":0,"parent":0,"menu_order":0,"comment_status":"closed","ping_status":"closed","template":"","meta":{"footnotes":""},"acf":[],"yoast_head":"<!-- This site is optimized with the Yoast SEO plugin v21.4 - https:\/\/yoast.com\/wordpress\/plugins\/seo\/ -->\n<title>T\u00e9arma\u00ed agus Coinn\u00edollacha - Be Media Smart<\/title>\n<meta name=\"robots\" content=\"index, follow, max-snippet:-1, max-image-preview:large, max-video-preview:-1\" \/>\n<link rel=\"canonical\" href=\"https:\/\/www.bemediasmart.ie\/ga\/terms\/\" \/>\n<meta property=\"og:locale\" content=\"ga_IE\" \/>\n<meta property=\"og:type\" content=\"article\" \/>\n<meta property=\"og:title\" content=\"T\u00e9arma\u00ed agus Coinn\u00edollacha - Be Media Smart\" \/>\n<meta property=\"og:url\" content=\"https:\/\/www.bemediasmart.ie\/ga\/terms\/\" \/>\n<meta property=\"og:site_name\" content=\"Be Media Smart\" \/>\n<meta property=\"article:publisher\" content=\"https:\/\/www.facebook.com\/BeMediaSmart\/\" \/>\n<meta property=\"article:modified_time\" content=\"2023-10-17T09:52:43+00:00\" \/>\n<meta name=\"twitter:card\" content=\"summary_large_image\" \/>\n<meta name=\"twitter:site\" content=\"@MedialitIreland\" \/>\n<script type=\"application\/ld+json\" class=\"yoast-schema-graph\">{\"@context\":\"https:\/\/schema.org\",\"@graph\":[{\"@type\":\"WebPage\",\"@id\":\"https:\/\/www.bemediasmart.ie\/ga\/terms\/\",\"url\":\"https:\/\/www.bemediasmart.ie\/ga\/terms\/\",\"name\":\"T\u00e9arma\u00ed agus Coinn\u00edollacha - Be Media Smart\",\"isPartOf\":{\"@id\":\"https:\/\/www.bemediasmart.ie\/#website\"},\"datePublished\":\"2022-08-10T01:43:45+00:00\",\"dateModified\":\"2023-10-17T09:52:43+00:00\",\"breadcrumb\":{\"@id\":\"https:\/\/www.bemediasmart.ie\/ga\/terms\/#breadcrumb\"},\"inLanguage\":\"ga-IE\",\"potentialAction\":[{\"@type\":\"ReadAction\",\"target\":[\"https:\/\/www.bemediasmart.ie\/ga\/terms\/\"]}]},{\"@type\":\"BreadcrumbList\",\"@id\":\"https:\/\/www.bemediasmart.ie\/ga\/terms\/#breadcrumb\",\"itemListElement\":[{\"@type\":\"ListItem\",\"position\":1,\"name\":\"Home\",\"item\":\"https:\/\/www.bemediasmart.ie\/ga\/\"},{\"@type\":\"ListItem\",\"position\":2,\"name\":\"T\u00e9arma\u00ed agus Coinn\u00edollacha\"}]},{\"@type\":\"WebSite\",\"@id\":\"https:\/\/www.bemediasmart.ie\/#website\",\"url\":\"https:\/\/www.bemediasmart.ie\/\",\"name\":\"Be Media Smart\",\"description\":\"\",\"publisher\":{\"@id\":\"https:\/\/www.bemediasmart.ie\/#organization\"},\"potentialAction\":[{\"@type\":\"SearchAction\",\"target\":{\"@type\":\"EntryPoint\",\"urlTemplate\":\"https:\/\/www.bemediasmart.ie\/?s={search_term_string}\"},\"query-input\":\"required name=search_term_string\"}],\"inLanguage\":\"ga-IE\"},{\"@type\":\"Organization\",\"@id\":\"https:\/\/www.bemediasmart.ie\/#organization\",\"name\":\"Be Media Smart\",\"url\":\"https:\/\/www.bemediasmart.ie\/\",\"logo\":{\"@type\":\"ImageObject\",\"inLanguage\":\"ga-IE\",\"@id\":\"https:\/\/www.bemediasmart.ie\/#\/schema\/logo\/image\/\",\"url\":\"https:\/\/www.bemediasmart.ie\/app\/uploads\/2023\/09\/normalad.jpg\",\"contentUrl\":\"https:\/\/www.bemediasmart.ie\/app\/uploads\/2023\/09\/normalad.jpg\",\"width\":500,\"height\":300,\"caption\":\"Be Media Smart\"},\"image\":{\"@id\":\"https:\/\/www.bemediasmart.ie\/#\/schema\/logo\/image\/\"},\"sameAs\":[\"https:\/\/www.facebook.com\/BeMediaSmart\/\",\"https:\/\/twitter.com\/MedialitIreland\",\"https:\/\/www.instagram.com\/bemediasmart_\/\",\"http:\/\/www.linkedin.com\/company\/media-literacy-ireland\/\"]}]}<\/script>\n<!-- \/ Yoast SEO plugin. -->","yoast_head_json":{"title":"T\u00e9arma\u00ed agus Coinn\u00edollacha - Be Media Smart","robots":{"index":"index","follow":"follow","max-snippet":"max-snippet:-1","max-image-preview":"max-image-preview:large","max-video-preview":"max-video-preview:-1"},"canonical":"https:\/\/www.bemediasmart.ie\/ga\/terms\/","og_locale":"ga_IE","og_type":"article","og_title":"T\u00e9arma\u00ed agus Coinn\u00edollacha - Be Media Smart","og_url":"https:\/\/www.bemediasmart.ie\/ga\/terms\/","og_site_name":"Be Media Smart","article_publisher":"https:\/\/www.facebook.com\/BeMediaSmart\/","article_modified_time":"2023-10-17T09:52:43+00:00","twitter_card":"summary_large_image","twitter_site":"@MedialitIreland","schema":{"@context":"https:\/\/schema.org","@graph":[{"@type":"WebPage","@id":"https:\/\/www.bemediasmart.ie\/ga\/terms\/","url":"https:\/\/www.bemediasmart.ie\/ga\/terms\/","name":"T\u00e9arma\u00ed agus Coinn\u00edollacha - Be Media Smart","isPartOf":{"@id":"https:\/\/www.bemediasmart.ie\/#website"},"datePublished":"2022-08-10T01:43:45+00:00","dateModified":"2023-10-17T09:52:43+00:00","breadcrumb":{"@id":"https:\/\/www.bemediasmart.ie\/ga\/terms\/#breadcrumb"},"inLanguage":"ga-IE","potentialAction":[{"@type":"ReadAction","target":["https:\/\/www.bemediasmart.ie\/ga\/terms\/"]}]},{"@type":"BreadcrumbList","@id":"https:\/\/www.bemediasmart.ie\/ga\/terms\/#breadcrumb","itemListElement":[{"@type":"ListItem","position":1,"name":"Home","item":"https:\/\/www.bemediasmart.ie\/ga\/"},{"@type":"ListItem","position":2,"name":"T\u00e9arma\u00ed agus Coinn\u00edollacha"}]},{"@type":"WebSite","@id":"https:\/\/www.bemediasmart.ie\/#website","url":"https:\/\/www.bemediasmart.ie\/","name":"Be Media Smart","description":"","publisher":{"@id":"https:\/\/www.bemediasmart.ie\/#organization"},"potentialAction":[{"@type":"SearchAction","target":{"@type":"EntryPoint","urlTemplate":"https:\/\/www.bemediasmart.ie\/?s={search_term_string}"},"query-input":"required name=search_term_string"}],"inLanguage":"ga-IE"},{"@type":"Organization","@id":"https:\/\/www.bemediasmart.ie\/#organization","name":"Be Media Smart","url":"https:\/\/www.bemediasmart.ie\/","logo":{"@type":"ImageObject","inLanguage":"ga-IE","@id":"https:\/\/www.bemediasmart.ie\/#\/schema\/logo\/image\/","url":"https:\/\/www.bemediasmart.ie\/app\/uploads\/2023\/09\/normalad.jpg","contentUrl":"https:\/\/www.bemediasmart.ie\/app\/uploads\/2023\/09\/normalad.jpg","width":500,"height":300,"caption":"Be Media Smart"},"image":{"@id":"https:\/\/www.bemediasmart.ie\/#\/schema\/logo\/image\/"},"sameAs":["https:\/\/www.facebook.com\/BeMediaSmart\/","https:\/\/twitter.com\/MedialitIreland","https:\/\/www.instagram.com\/bemediasmart_\/","http:\/\/www.linkedin.com\/company\/media-literacy-ireland\/"]}]}},"_links":{"self":[{"href":"https:\/\/www.bemediasmart.ie\/ga\/wp-json\/wp\/v2\/pages\/1173"}],"collection":[{"href":"https:\/\/www.bemediasmart.ie\/ga\/wp-json\/wp\/v2\/pages"}],"about":[{"href":"https:\/\/www.bemediasmart.ie\/ga\/wp-json\/wp\/v2\/types\/page"}],"author":[{"embeddable":true,"href":"https:\/\/www.bemediasmart.ie\/ga\/wp-json\/wp\/v2\/users\/2"}],"replies":[{"embeddable":true,"href":"https:\/\/www.bemediasmart.ie\/ga\/wp-json\/wp\/v2\/comments?post=1173"}],"version-history":[{"count":5,"href":"https:\/\/www.bemediasmart.ie\/ga\/wp-json\/wp\/v2\/pages\/1173\/revisions"}],"predecessor-version":[{"id":1966,"href":"https:\/\/www.bemediasmart.ie\/ga\/wp-json\/wp\/v2\/pages\/1173\/revisions\/1966"}],"wp:attachment":[{"href":"https:\/\/www.bemediasmart.ie\/ga\/wp-json\/wp\/v2\/media?parent=1173"}],"curies":[{"name":"wp","href":"https:\/\/api.w.org\/{rel}","templated":true}]}}